{"id":232,"date":"2017-10-26T13:30:52","date_gmt":"2017-10-26T13:30:52","guid":{"rendered":"http:\/\/www.qi-nesio.com\/?page_id=232"},"modified":"2019-10-25T20:40:48","modified_gmt":"2019-10-25T18:40:48","slug":"soins-energetique","status":"publish","type":"page","link":"https:\/\/qi-nesio.com\/index.php\/soins-energetique\/","title":{"rendered":"Soins Energetique"},"content":{"rendered":"<p>[vc_row][vc_column icons_position=\u00a0\u00bbleft\u00a0\u00bb][vc_empty_space height=\u00a0\u00bb1.7em\u00a0\u00bb alter_height=\u00a0\u00bbnone\u00a0\u00bb hide_on_desktop=\u00a0\u00bb\u00a0\u00bb hide_on_notebook=\u00a0\u00bb\u00a0\u00bb hide_on_tablet=\u00a0\u00bb1&Prime; hide_on_mobile=\u00a0\u00bb1&Prime;]<div id=\"sc_services_620337869\" class=\"sc_services color_style_default sc_services_default sc_services_featured_top\"><div class=\"sc_services_columns_wrap sc_item_columns sc_item_columns_3 trx_addons_columns_wrap columns_padding_bottom\"><div class=\"trx_addons_column-1_3\"><div class=\"sc_services_item no_links with_content with_image sc_services_item_featured_top post-231 cpt_services type-cpt_services status-publish has-post-thumbnail hentry cpt_services_group-main-services\">\n\t\t<div class=\"sc_services_feature_header\"><div class=\"post_featured with_thumb hover_icon sc_services_item_thumb\"><img loading=\"lazy\" decoding=\"async\" width=\"760\" height=\"428\" src=\"https:\/\/qi-nesio.com\/wp-content\/uploads\/2017\/10\/REIKI-USUI--760x428.jpg\" class=\"attachment-dr_patterson-thumb-big size-dr_patterson-thumb-big wp-post-image\" alt=\"\" srcset=\"https:\/\/qi-nesio.com\/wp-content\/uploads\/2017\/10\/REIKI-USUI--760x428.jpg 760w, https:\/\/qi-nesio.com\/wp-content\/uploads\/2017\/10\/REIKI-USUI--300x169.jpg 300w, https:\/\/qi-nesio.com\/wp-content\/uploads\/2017\/10\/REIKI-USUI--768x432.jpg 768w, https:\/\/qi-nesio.com\/wp-content\/uploads\/2017\/10\/REIKI-USUI--1024x576.jpg 1024w, https:\/\/qi-nesio.com\/wp-content\/uploads\/2017\/10\/REIKI-USUI--370x208.jpg 370w, https:\/\/qi-nesio.com\/wp-content\/uploads\/2017\/10\/REIKI-USUI--1170x658.jpg 1170w, https:\/\/qi-nesio.com\/wp-content\/uploads\/2017\/10\/REIKI-USUI--450x253.jpg 450w, https:\/\/qi-nesio.com\/wp-content\/uploads\/2017\/10\/REIKI-USUI--850x478.jpg 850w, https:\/\/qi-nesio.com\/wp-content\/uploads\/2017\/10\/REIKI-USUI--270x152.jpg 270w, https:\/\/qi-nesio.com\/wp-content\/uploads\/2017\/10\/REIKI-USUI-.jpg 1920w\" sizes=\"auto, (max-width: 760px) 100vw, 760px\" \/><div class=\"mask\"><\/div><div class=\"icons\"><a href=\"https:\/\/qi-nesio.com\/index.php\/services\/le-reiki-usui\/\" aria-hidden=\"true\" class=\"icon-edit\"><\/a><\/div><span class=\"sc_services_item_price\">Dur\u00e9e : 1h\/1h15<\/span><\/div><span class=\"sc_services_item_number\">01<\/span>\n\t\t<\/div>\n\t\t\t\t\n\t<div class=\"sc_services_item_info\">\n\t\t<div class=\"sc_services_item_header\">\n\t\t\t<h6 class=\"sc_services_item_title\"><a href=\"https:\/\/qi-nesio.com\/index.php\/services\/le-reiki-usui\/\">Le REIKI USUI<\/a><\/h6>\n\t\t<\/div>\n\t\t\t\t\t<div class=\"sc_services_item_content\"><p>Rei signifie esprit, Ki signifie force, c&rsquo;est donc l&rsquo;\u00e9nergie de vie.<\/p>\n<\/div><div class=\"sc_services_item_button sc_item_button\"><a href=\"https:\/\/qi-nesio.com\/index.php\/services\/le-reiki-usui\/\" class=\"sc_button sc_button_default sc_button_size_normal sc_button_with_icon sc_button_icon_right\">\n\n\t\t\t\t\tLearn more\n\t\t\t\t<\/a><\/div><\/div>\n<\/div>\n<\/div>\n\n<div class=\"trx_addons_column-1_3\"><div class=\"sc_services_item no_links with_content with_image sc_services_item_featured_top post-230 cpt_services type-cpt_services status-publish has-post-thumbnail hentry cpt_services_group-main-services\">\n\t\t<div class=\"sc_services_feature_header\"><div class=\"post_featured with_thumb hover_icon sc_services_item_thumb\"><img loading=\"lazy\" decoding=\"async\" width=\"760\" height=\"428\" src=\"https:\/\/qi-nesio.com\/wp-content\/uploads\/2017\/10\/soin-energetique-760x428.jpg\" class=\"attachment-dr_patterson-thumb-big size-dr_patterson-thumb-big wp-post-image\" alt=\"\" srcset=\"https:\/\/qi-nesio.com\/wp-content\/uploads\/2017\/10\/soin-energetique-760x428.jpg 760w, https:\/\/qi-nesio.com\/wp-content\/uploads\/2017\/10\/soin-energetique-300x169.jpg 300w, https:\/\/qi-nesio.com\/wp-content\/uploads\/2017\/10\/soin-energetique-768x432.jpg 768w, https:\/\/qi-nesio.com\/wp-content\/uploads\/2017\/10\/soin-energetique-1024x576.jpg 1024w, https:\/\/qi-nesio.com\/wp-content\/uploads\/2017\/10\/soin-energetique-370x208.jpg 370w, https:\/\/qi-nesio.com\/wp-content\/uploads\/2017\/10\/soin-energetique-1170x658.jpg 1170w, https:\/\/qi-nesio.com\/wp-content\/uploads\/2017\/10\/soin-energetique-450x253.jpg 450w, https:\/\/qi-nesio.com\/wp-content\/uploads\/2017\/10\/soin-energetique-850x478.jpg 850w, https:\/\/qi-nesio.com\/wp-content\/uploads\/2017\/10\/soin-energetique-270x152.jpg 270w, https:\/\/qi-nesio.com\/wp-content\/uploads\/2017\/10\/soin-energetique.jpg 1920w\" sizes=\"auto, (max-width: 760px) 100vw, 760px\" \/><div class=\"mask\"><\/div><div class=\"icons\"><a href=\"https:\/\/qi-nesio.com\/index.php\/services\/soin-energetique\/\" aria-hidden=\"true\" class=\"icon-edit\"><\/a><\/div><span class=\"sc_services_item_price\">Dur\u00e9e : 1h \u00e0 1h 30<\/span><\/div><span class=\"sc_services_item_number\">02<\/span>\n\t\t<\/div>\n\t\t\t\t\n\t<div class=\"sc_services_item_info\">\n\t\t<div class=\"sc_services_item_header\">\n\t\t\t<h6 class=\"sc_services_item_title\"><a href=\"https:\/\/qi-nesio.com\/index.php\/services\/soin-energetique\/\">Soin \u00e9nerg\u00e9tique<\/a><\/h6>\n\t\t<\/div>\n\t\t\t\t\t<div class=\"sc_services_item_content\"><p>Le soin \u00e9nerg\u00e9tique permet de faire circuler l\u2019\u00e9nergie vitale et de l\u2019\u00e9quilibrer.<\/p>\n<\/div><div class=\"sc_services_item_button sc_item_button\"><a href=\"https:\/\/qi-nesio.com\/index.php\/services\/soin-energetique\/\" class=\"sc_button sc_button_default sc_button_size_normal sc_button_with_icon sc_button_icon_right\">\n\n\t\t\t\t\tLearn more\n\t\t\t\t<\/a><\/div><\/div>\n<\/div>\n<\/div>\n\n<div class=\"trx_addons_column-1_3\"><div class=\"sc_services_item no_links with_content with_image sc_services_item_featured_top post-227 cpt_services type-cpt_services status-publish has-post-thumbnail hentry cpt_services_group-main-services\">\n\t\t<div class=\"sc_services_feature_header\"><div class=\"post_featured with_thumb hover_icon sc_services_item_thumb\"><img loading=\"lazy\" decoding=\"async\" width=\"760\" height=\"428\" src=\"https:\/\/qi-nesio.com\/wp-content\/uploads\/2017\/10\/massages-energetique--760x428.jpg\" class=\"attachment-dr_patterson-thumb-big size-dr_patterson-thumb-big wp-post-image\" alt=\"\" srcset=\"https:\/\/qi-nesio.com\/wp-content\/uploads\/2017\/10\/massages-energetique--760x428.jpg 760w, https:\/\/qi-nesio.com\/wp-content\/uploads\/2017\/10\/massages-energetique--300x169.jpg 300w, https:\/\/qi-nesio.com\/wp-content\/uploads\/2017\/10\/massages-energetique--768x432.jpg 768w, https:\/\/qi-nesio.com\/wp-content\/uploads\/2017\/10\/massages-energetique--1024x576.jpg 1024w, https:\/\/qi-nesio.com\/wp-content\/uploads\/2017\/10\/massages-energetique--370x208.jpg 370w, https:\/\/qi-nesio.com\/wp-content\/uploads\/2017\/10\/massages-energetique--1170x658.jpg 1170w, https:\/\/qi-nesio.com\/wp-content\/uploads\/2017\/10\/massages-energetique--450x253.jpg 450w, https:\/\/qi-nesio.com\/wp-content\/uploads\/2017\/10\/massages-energetique--850x478.jpg 850w, https:\/\/qi-nesio.com\/wp-content\/uploads\/2017\/10\/massages-energetique--270x152.jpg 270w, https:\/\/qi-nesio.com\/wp-content\/uploads\/2017\/10\/massages-energetique-.jpg 1920w\" sizes=\"auto, (max-width: 760px) 100vw, 760px\" \/><div class=\"mask\"><\/div><div class=\"icons\"><a href=\"https:\/\/qi-nesio.com\/index.php\/services\/massage-energetique\/\" aria-hidden=\"true\" class=\"icon-edit\"><\/a><\/div><span class=\"sc_services_item_price\">Dur\u00e9e : 1h30<\/span><\/div><span class=\"sc_services_item_number\">03<\/span>\n\t\t<\/div>\n\t\t\t\t\n\t<div class=\"sc_services_item_info\">\n\t\t<div class=\"sc_services_item_header\">\n\t\t\t<h6 class=\"sc_services_item_title\"><a href=\"https:\/\/qi-nesio.com\/index.php\/services\/massage-energetique\/\">massage \u00e9nerg\u00e9tique<\/a><\/h6>\n\t\t<\/div>\n\t\t\t\t\t<div class=\"sc_services_item_content\"><p>Le massage \u00e9nerg\u00e9tique vise l\u2019harmonie du corps et de l\u2019esprit.<\/p>\n<\/div><div class=\"sc_services_item_button sc_item_button\"><a href=\"https:\/\/qi-nesio.com\/index.php\/services\/massage-energetique\/\" class=\"sc_button sc_button_default sc_button_size_normal sc_button_with_icon sc_button_icon_right\">\n\n\t\t\t\t\tLearn more\n\t\t\t\t<\/a><\/div><\/div>\n<\/div>\n<\/div>\n\n<\/div><\/div><!-- \/.sc_services -->[vc_empty_space height=\u00a0\u00bb2em\u00a0\u00bb alter_height=\u00a0\u00bbnone\u00a0\u00bb hide_on_desktop=\u00a0\u00bb\u00a0\u00bb hide_on_notebook=\u00a0\u00bb\u00a0\u00bb hide_on_tablet=\u00a0\u00bb\u00a0\u00bb hide_on_mobile=\u00a0\u00bb\u00a0\u00bb][vc_empty_space height=\u00a0\u00bb4em\u00a0\u00bb alter_height=\u00a0\u00bbnone\u00a0\u00bb hide_on_desktop=\u00a0\u00bb\u00a0\u00bb hide_on_notebook=\u00a0\u00bb\u00a0\u00bb hide_on_tablet=\u00a0\u00bb1&Prime; hide_on_mobile=\u00a0\u00bb1&Prime;][\/vc_column][\/vc_row][vc_row full_width=\u00a0\u00bbstretch_row\u00a0\u00bb scheme=\u00a0\u00bbdark\u00a0\u00bb hide_bg_image_on_tablet=\u00a0\u00bb\u00a0\u00bb hide_bg_image_on_mobile=\u00a0\u00bb\u00a0\u00bb css=\u00a0\u00bb.vc_custom_1572022269176{background-image: url(https:\/\/qi-nesio.com\/wp-content\/uploads\/2017\/10\/REIKI-USUI-.jpg?id=1265) !important;background-position: center !important;background-repeat: no-repeat !important;background-size: cover !important;}\u00a0\u00bb][vc_column icons_position=\u00a0\u00bbleft\u00a0\u00bb][vc_empty_space height=\u00a0\u00bb5em\u00a0\u00bb alter_height=\u00a0\u00bbnone\u00a0\u00bb hide_on_desktop=\u00a0\u00bb\u00a0\u00bb hide_on_notebook=\u00a0\u00bb\u00a0\u00bb hide_on_tablet=\u00a0\u00bb\u00a0\u00bb hide_on_mobile=\u00a0\u00bb\u00a0\u00bb][vc_empty_space height=\u00a0\u00bb5.5em\u00a0\u00bb alter_height=\u00a0\u00bbnone\u00a0\u00bb hide_on_desktop=\u00a0\u00bb\u00a0\u00bb hide_on_notebook=\u00a0\u00bb\u00a0\u00bb hide_on_tablet=\u00a0\u00bb1&Prime; hide_on_mobile=\u00a0\u00bb1&Prime;]<div id=\"sc_icons_429710946\" \n\tclass=\"sc_icons sc_icons_default sc_icons_size_medium sc_align_center\"><h2 class=\"sc_item_title sc_icons_title sc_align_center sc_item_title_style_modern sc_item_title_tag\">Une vid\u00e9o sur le bienfait des soins<\/h2><div class=\"sc_item_descr sc_icons_descr sc_align_center\"><p>Reiku Usui, \u00e9nerg\u00e9tique ....<\/p>\n<\/div><div class=\"sc_icons_item\"><\/div><\/div><!-- \/.sc_icons --><div class=\"sc_item_button sc_button_wrap sc_align_center\"><a href=\"#wath_video\" id=\"sc_button_1122769313\" class=\"sc_button color_style_default sc_button_modern sc_button_size_large sc_button_with_icon sc_button_icon_left\"><span class=\"sc_button_icon\"><span class=\"icon-play-button-small\"><\/span><\/span><\/a><!-- \/.sc_button --><\/div><!-- \/.sc_item_button -->[vc_empty_space height=\u00a0\u00bb5em\u00a0\u00bb alter_height=\u00a0\u00bbnone\u00a0\u00bb hide_on_desktop=\u00a0\u00bb\u00a0\u00bb hide_on_notebook=\u00a0\u00bb\u00a0\u00bb hide_on_tablet=\u00a0\u00bb\u00a0\u00bb hide_on_mobile=\u00a0\u00bb\u00a0\u00bb][vc_empty_space height=\u00a0\u00bb5em\u00a0\u00bb alter_height=\u00a0\u00bbnone\u00a0\u00bb hide_on_desktop=\u00a0\u00bb\u00a0\u00bb hide_on_notebook=\u00a0\u00bb\u00a0\u00bb hide_on_tablet=\u00a0\u00bb1&Prime; hide_on_mobile=\u00a0\u00bb1&Prime;][\/vc_column][\/vc_row][vc_row][vc_column width=\u00a0\u00bb1\/6&Prime; icons_position=\u00a0\u00bbleft\u00a0\u00bb][\/vc_column][vc_column width=\u00a0\u00bb2\/3&Prime; icons_position=\u00a0\u00bbleft\u00a0\u00bb][vc_empty_space height=\u00a0\u00bb4.3em\u00a0\u00bb alter_height=\u00a0\u00bbnone\u00a0\u00bb hide_on_desktop=\u00a0\u00bb\u00a0\u00bb hide_on_notebook=\u00a0\u00bb\u00a0\u00bb hide_on_tablet=\u00a0\u00bb1&Prime; hide_on_mobile=\u00a0\u00bb1&Prime;][vc_empty_space height=\u00a0\u00bb3em\u00a0\u00bb alter_height=\u00a0\u00bbnone\u00a0\u00bb hide_on_desktop=\u00a0\u00bb\u00a0\u00bb hide_on_notebook=\u00a0\u00bb\u00a0\u00bb hide_on_tablet=\u00a0\u00bb\u00a0\u00bb hide_on_mobile=\u00a0\u00bb\u00a0\u00bb]<div id=\"sc_title_84456693\"\n\t\tclass=\"sc_title color_style_default sc_title_modern\"><h3 class=\"sc_item_title sc_title_title sc_align_center sc_item_title_style_modern sc_item_title_tag\">Prendre un rendez-vous ?<\/h3><div class=\"sc_item_descr sc_title_descr sc_align_center\"><p>ne perdez pas votre temps, et prenez votre rendez-vous en ligne.<\/p>\n<\/div><\/div><!-- \/.sc_title -->[vc_empty_space height=\u00a0\u00bb2em\u00a0\u00bb alter_height=\u00a0\u00bbnone\u00a0\u00bb hide_on_desktop=\u00a0\u00bb\u00a0\u00bb hide_on_notebook=\u00a0\u00bb\u00a0\u00bb hide_on_tablet=\u00a0\u00bb\u00a0\u00bb hide_on_mobile=\u00a0\u00bb\u00a0\u00bb][vc_empty_space height=\u00a0\u00bb2.1em\u00a0\u00bb alter_height=\u00a0\u00bbnone\u00a0\u00bb hide_on_desktop=\u00a0\u00bb\u00a0\u00bb hide_on_notebook=\u00a0\u00bb\u00a0\u00bb hide_on_tablet=\u00a0\u00bb1&Prime; hide_on_mobile=\u00a0\u00bb1&Prime;][vc_column_text]\n<div class=\"wpcf7 no-js\" id=\"wpcf7-f5-o1\" lang=\"en-US\" dir=\"ltr\" data-wpcf7-id=\"5\">\n<div class=\"screen-reader-response\"><p role=\"status\" aria-live=\"polite\" aria-atomic=\"true\"><\/p> <ul><\/ul><\/div>\n<form action=\"\/index.php\/wp-json\/wp\/v2\/pages\/232#wpcf7-f5-o1\" method=\"post\" class=\"wpcf7-form init\" aria-label=\"Contact form\" novalidate=\"novalidate\" data-status=\"init\">\n<div style=\"display: none;\">\n<input type=\"hidden\" name=\"_wpcf7\" value=\"5\" \/>\n<input type=\"hidden\" name=\"_wpcf7_version\" value=\"6.0.1\" \/>\n<input type=\"hidden\" name=\"_wpcf7_locale\" value=\"en_US\" \/>\n<input type=\"hidden\" name=\"_wpcf7_unit_tag\" value=\"wpcf7-f5-o1\" \/>\n<input type=\"hidden\" name=\"_wpcf7_container_post\" value=\"0\" \/>\n<input type=\"hidden\" name=\"_wpcf7_posted_data_hash\" value=\"\" \/>\n<\/div>\n<div class=\"columns_wrap contact\">\n\t<div class=\"column-1_3\">\n\t\t<p><span class=\"wpcf7-form-control-wrap\" data-name=\"your-name\"><input size=\"40\" maxlength=\"400\" class=\"wpcf7-form-control wpcf7-text wpcf7-validates-as-required\" aria-required=\"true\" aria-invalid=\"false\" placeholder=\"Votre Nom\" value=\"\" type=\"text\" name=\"your-name\" \/><\/span>\n\t\t<\/p>\n\t<\/div>\n\t<div class=\"column-1_3\">\n\t\t<p><span class=\"wpcf7-form-control-wrap\" data-name=\"your-email\"><input size=\"40\" maxlength=\"400\" class=\"wpcf7-form-control wpcf7-email wpcf7-validates-as-required wpcf7-text wpcf7-validates-as-email\" aria-required=\"true\" aria-invalid=\"false\" placeholder=\"Votre Email\" value=\"\" type=\"email\" name=\"your-email\" \/><\/span>\n\t\t<\/p>\n\t<\/div>\n\t<div class=\"column-1_3\">\n\t\t<p><span class=\"wpcf7-form-control-wrap\" data-name=\"your-phone\"><input size=\"40\" maxlength=\"400\" class=\"wpcf7-form-control wpcf7-text wpcf7-validates-as-required\" aria-required=\"true\" aria-invalid=\"false\" placeholder=\"Votre T\u00e9l\u00e9phone\" value=\"\" type=\"text\" name=\"your-phone\" \/><\/span>\n\t\t<\/p>\n\t<\/div>\n<\/div>\n<div class=\"columns_wrap contact\">\n\t<div class=\"column-1_1\">\n\t\t<p><span class=\"wpcf7-form-control-wrap\" data-name=\"your-message\"><textarea cols=\"40\" rows=\"10\" maxlength=\"2000\" class=\"wpcf7-form-control wpcf7-textarea\" aria-invalid=\"false\" placeholder=\"Votre Message\" name=\"your-message\"><\/textarea><\/span>\n\t\t<\/p>\n\t<\/div>\n<\/div>\n<div class=\"columns_wrap contact\">\n\t<div class=\"column-1_1\">\n\t\t<p><span class=\"wpcf7-form-control-wrap\" data-name=\"acceptance-924\"><span class=\"wpcf7-form-control wpcf7-acceptance\"><span class=\"wpcf7-list-item\"><label><input type=\"checkbox\" name=\"acceptance-924\" value=\"1\" aria-invalid=\"false\" \/><span class=\"wpcf7-list-item-label\">Je conviens que les donn\u00e9es que je soumets sont collect\u00e9es et stock\u00e9es.<\/span><\/label><\/span><\/span><\/span>\n\t\t<\/p>\n\t<\/div>\n<\/div>\n<div class=\"contact_button\">\n\t<p><input class=\"wpcf7-form-control wpcf7-submit has-spinner\" type=\"submit\" value=\"Soumettez votre demande\" \/>\n\t<\/p>\n<\/div><p style=\"display: none !important;\" class=\"akismet-fields-container\" data-prefix=\"_wpcf7_ak_\"><label>&#916;<textarea name=\"_wpcf7_ak_hp_textarea\" cols=\"45\" rows=\"8\" maxlength=\"100\"><\/textarea><\/label><input type=\"hidden\" id=\"ak_js_1\" name=\"_wpcf7_ak_js\" value=\"96\"\/><script>document.getElementById( \"ak_js_1\" ).setAttribute( \"value\", ( new Date() ).getTime() );<\/script><\/p><div class=\"wpcf7-response-output\" aria-hidden=\"true\"><\/div>\n<\/form>\n<\/div>\n[\/vc_column_text][\/vc_column][vc_column width=\u00a0\u00bb1\/6&Prime; icons_position=\u00a0\u00bbleft\u00a0\u00bb][\/vc_column][\/vc_row][vc_row][vc_column icons_position=\u00a0\u00bbleft\u00a0\u00bb][vc_empty_space height=\u00a0\u00bb1.8em\u00a0\u00bb alter_height=\u00a0\u00bbnone\u00a0\u00bb hide_on_desktop=\u00a0\u00bb\u00a0\u00bb hide_on_notebook=\u00a0\u00bb\u00a0\u00bb hide_on_tablet=\u00a0\u00bb1&Prime; hide_on_mobile=\u00a0\u00bb1&Prime;][\/vc_column][\/vc_row] <\/p>\n","protected":false},"excerpt":{"rendered":"<p>[vc_row][vc_column icons_position=\u00a0\u00bbleft\u00a0\u00bb][vc_empty_space height=\u00a0\u00bb1.7em\u00a0\u00bb alter_height=\u00a0\u00bbnone\u00a0\u00bb hide_on_desktop=\u00a0\u00bb\u00a0\u00bb hide_on_notebook=\u00a0\u00bb\u00a0\u00bb hide_on_tablet=\u00a0\u00bb1&Prime; hide_on_mobile=\u00a0\u00bb1&Prime;][vc_empty_space height=\u00a0\u00bb2em\u00a0\u00bb alter_height=\u00a0\u00bbnone\u00a0\u00bb hide_on_desktop=\u00a0\u00bb\u00a0\u00bb hide_on_notebook=\u00a0\u00bb\u00a0\u00bb hide_on_tablet=\u00a0\u00bb\u00a0\u00bb hide_on_mobile=\u00a0\u00bb\u00a0\u00bb][vc_empty_space height=\u00a0\u00bb4em\u00a0\u00bb&hellip;<\/p>\n","protected":false},"author":1,"featured_media":0,"parent":0,"menu_order":0,"comment_status":"closed","ping_status":"closed","template":"","meta":{"footnotes":""},"class_list":["post-232","page","type-page","status-publish","hentry"],"_links":{"self":[{"href":"https:\/\/qi-nesio.com\/index.php\/wp-json\/wp\/v2\/pages\/232","targetHints":{"allow":["GET"]}}],"collection":[{"href":"https:\/\/qi-nesio.com\/index.php\/wp-json\/wp\/v2\/pages"}],"about":[{"href":"https:\/\/qi-nesio.com\/index.php\/wp-json\/wp\/v2\/types\/page"}],"author":[{"embeddable":true,"href":"https:\/\/qi-nesio.com\/index.php\/wp-json\/wp\/v2\/users\/1"}],"replies":[{"embeddable":true,"href":"https:\/\/qi-nesio.com\/index.php\/wp-json\/wp\/v2\/comments?post=232"}],"version-history":[{"count":13,"href":"https:\/\/qi-nesio.com\/index.php\/wp-json\/wp\/v2\/pages\/232\/revisions"}],"predecessor-version":[{"id":1287,"href":"https:\/\/qi-nesio.com\/index.php\/wp-json\/wp\/v2\/pages\/232\/revisions\/1287"}],"wp:attachment":[{"href":"https:\/\/qi-nesio.com\/index.php\/wp-json\/wp\/v2\/media?parent=232"}],"curies":[{"name":"wp","href":"https:\/\/api.w.org\/{rel}","templated":true}]}}