{"id":273,"date":"2017-10-27T11:44:07","date_gmt":"2017-10-27T11:44:07","guid":{"rendered":"http:\/\/www.qi-nesio.com\/?page_id=273"},"modified":"2019-10-25T23:52:39","modified_gmt":"2019-10-25T21:52:39","slug":"formation-atelier","status":"publish","type":"page","link":"https:\/\/qi-nesio.com\/index.php\/formation-atelier\/","title":{"rendered":"Formations \/ Ateliers"},"content":{"rendered":"<p>[vc_row][vc_column icons_position=\u00a0\u00bbleft\u00a0\u00bb][vc_empty_space height=\u00a0\u00bb1.7em\u00a0\u00bb alter_height=\u00a0\u00bbnone\u00a0\u00bb hide_on_desktop=\u00a0\u00bb\u00a0\u00bb hide_on_notebook=\u00a0\u00bb\u00a0\u00bb hide_on_tablet=\u00a0\u00bb1&Prime; hide_on_mobile=\u00a0\u00bb1&Prime;][vc_empty_space height=\u00a0\u00bb2em\u00a0\u00bb alter_height=\u00a0\u00bbnone\u00a0\u00bb hide_on_desktop=\u00a0\u00bb\u00a0\u00bb hide_on_notebook=\u00a0\u00bb\u00a0\u00bb hide_on_tablet=\u00a0\u00bb\u00a0\u00bb hide_on_mobile=\u00a0\u00bb\u00a0\u00bb][\/vc_column][\/vc_row][vc_row][vc_column icons_position=\u00a0\u00bbleft\u00a0\u00bb][vc_empty_space height=\u00a0\u00bb4em\u00a0\u00bb alter_height=\u00a0\u00bbnone\u00a0\u00bb hide_on_desktop=\u00a0\u00bb\u00a0\u00bb hide_on_notebook=\u00a0\u00bb\u00a0\u00bb hide_on_tablet=\u00a0\u00bb\u00a0\u00bb hide_on_mobile=\u00a0\u00bb\u00a0\u00bb][vc_empty_space height=\u00a0\u00bb3.55em\u00a0\u00bb alter_height=\u00a0\u00bbnone\u00a0\u00bb hide_on_desktop=\u00a0\u00bb\u00a0\u00bb hide_on_notebook=\u00a0\u00bb\u00a0\u00bb hide_on_tablet=\u00a0\u00bb1&Prime; hide_on_mobile=\u00a0\u00bb1&Prime;]<div id=\"sc_title_302830967\"\n\t\tclass=\"sc_title color_style_default sc_title_modern\"><h2 class=\"sc_item_title sc_title_title sc_align_center sc_item_title_style_modern sc_item_title_tag\">Formation et ateliers<\/h2><div class=\"sc_item_descr sc_title_descr sc_align_center\"><p>Se former et d\u00e9crouvrir<\/p>\n<\/div><\/div><!-- \/.sc_title -->[vc_empty_space height=\u00a0\u00bb2.1em\u00a0\u00bb alter_height=\u00a0\u00bbnone\u00a0\u00bb hide_on_desktop=\u00a0\u00bb\u00a0\u00bb hide_on_notebook=\u00a0\u00bb\u00a0\u00bb hide_on_tablet=\u00a0\u00bb1&Prime; hide_on_mobile=\u00a0\u00bb1&Prime;][vc_empty_space height=\u00a0\u00bb2em\u00a0\u00bb alter_height=\u00a0\u00bbnone\u00a0\u00bb hide_on_desktop=\u00a0\u00bb\u00a0\u00bb hide_on_notebook=\u00a0\u00bb\u00a0\u00bb hide_on_tablet=\u00a0\u00bb\u00a0\u00bb hide_on_mobile=\u00a0\u00bb\u00a0\u00bb]<div  id=\"sc_team_600408521\"\t\tclass=\"sc_team color_style_default sc_team_short\"><div class=\"sc_team_columns_wrap sc_item_columns trx_addons_columns_wrap columns_padding_bottom\"><div class=\"trx_addons_column-1_4\"><div class=\"sc_team_item no_links post-254 cpt_team type-cpt_team status-publish has-post-thumbnail hentry\">\n\t<div class=\"post_featured sc_team_item_thumb\"><a href=\"https:\/\/qi-nesio.com\/index.php\/team\/touch-for-health\/\" aria-hidden=\"true\"><img loading=\"lazy\" decoding=\"async\" width=\"500\" height=\"500\" src=\"https:\/\/qi-nesio.com\/wp-content\/uploads\/2017\/10\/IKC-500x500.jpg\" class=\"attachment-dr_patterson-thumb-med-avatar size-dr_patterson-thumb-med-avatar wp-post-image\" alt=\"\" srcset=\"https:\/\/qi-nesio.com\/wp-content\/uploads\/2017\/10\/IKC-500x500.jpg 500w, https:\/\/qi-nesio.com\/wp-content\/uploads\/2017\/10\/IKC-150x150.jpg 150w, https:\/\/qi-nesio.com\/wp-content\/uploads\/2017\/10\/IKC-370x370.jpg 370w\" sizes=\"auto, (max-width: 500px) 100vw, 500px\" \/><\/a><\/div>\t<div class=\"sc_team_item_info\">\n\t\t<div class=\"sc_team_item_header\">\n\t\t\t<h6 class=\"sc_team_item_title\"><a href=\"https:\/\/qi-nesio.com\/index.php\/team\/touch-for-health\/\">Touch For Health<\/a><\/h6>\n\t\t\t<div class=\"sc_team_item_subtitle\">Formation des 4 niveaux de TFH<\/div>\n\t\t\t<div class=\"sc_team_item_content_socials\">\n\t\t\t\t<div class=\"sc_team_item_socials socials_wrap\"><a target=\"_blank\" href=\"http:\/\/ikc-info.org\/\" class=\"social_item social_item_style_icons social_item_type_icons\"><span class=\"social_icon social_icon_male\"><span class=\"icon-male\"><\/span><\/span><\/a><a target=\"_blank\" href=\"https:\/\/tfh.fr\/\" class=\"social_item social_item_style_icons social_item_type_icons\"><span class=\"social_icon social_icon_pin\"><span class=\"icon-pin\"><\/span><\/span><\/a><\/div>\t\t\t<\/div>\n\t\t<\/div>\n\t<\/div>\n<\/div>\n<\/div><div class=\"trx_addons_column-1_4\"><div class=\"sc_team_item no_links post-253 cpt_team type-cpt_team status-publish has-post-thumbnail hentry\">\n\t<div class=\"post_featured sc_team_item_thumb\"><a href=\"https:\/\/qi-nesio.com\/index.php\/team\/decouverte-des-14-meridiens-tfh\/\" aria-hidden=\"true\"><img loading=\"lazy\" decoding=\"async\" width=\"500\" height=\"500\" src=\"https:\/\/qi-nesio.com\/wp-content\/uploads\/2017\/10\/tfh-500x500.png\" class=\"attachment-dr_patterson-thumb-med-avatar size-dr_patterson-thumb-med-avatar wp-post-image\" alt=\"\" srcset=\"https:\/\/qi-nesio.com\/wp-content\/uploads\/2017\/10\/tfh-500x500.png 500w, https:\/\/qi-nesio.com\/wp-content\/uploads\/2017\/10\/tfh-150x150.png 150w, https:\/\/qi-nesio.com\/wp-content\/uploads\/2017\/10\/tfh-370x370.png 370w\" sizes=\"auto, (max-width: 500px) 100vw, 500px\" \/><\/a><\/div>\t<div class=\"sc_team_item_info\">\n\t\t<div class=\"sc_team_item_header\">\n\t\t\t<h6 class=\"sc_team_item_title\"><a href=\"https:\/\/qi-nesio.com\/index.php\/team\/decouverte-des-14-meridiens-tfh\/\">Les 14 m\u00e9ridiens TFH<\/a><\/h6>\n\t\t\t<div class=\"sc_team_item_subtitle\">Ateliers Touch for health<\/div>\n\t\t\t<div class=\"sc_team_item_content_socials\">\n\t\t\t\t<div class=\"sc_team_item_socials socials_wrap\"><a target=\"_blank\" href=\"https:\/\/tfh.fr\/\" class=\"social_item social_item_style_icons social_item_type_icons\"><span class=\"social_icon social_icon_pin\"><span class=\"icon-pin\"><\/span><\/span><\/a><\/div>\t\t\t<\/div>\n\t\t<\/div>\n\t<\/div>\n<\/div>\n<\/div><div class=\"trx_addons_column-1_4\"><div class=\"sc_team_item no_links post-252 cpt_team type-cpt_team status-publish has-post-thumbnail hentry\">\n\t<div class=\"post_featured sc_team_item_thumb\"><a href=\"https:\/\/qi-nesio.com\/index.php\/team\/bain-de-foret\/\" aria-hidden=\"true\"><img loading=\"lazy\" decoding=\"async\" width=\"500\" height=\"500\" src=\"https:\/\/qi-nesio.com\/wp-content\/uploads\/2017\/10\/Iforet-500x500.jpg\" class=\"attachment-dr_patterson-thumb-med-avatar size-dr_patterson-thumb-med-avatar wp-post-image\" alt=\"\" srcset=\"https:\/\/qi-nesio.com\/wp-content\/uploads\/2017\/10\/Iforet-500x500.jpg 500w, https:\/\/qi-nesio.com\/wp-content\/uploads\/2017\/10\/Iforet-150x150.jpg 150w, https:\/\/qi-nesio.com\/wp-content\/uploads\/2017\/10\/Iforet-370x370.jpg 370w\" sizes=\"auto, (max-width: 500px) 100vw, 500px\" \/><\/a><\/div>\t<div class=\"sc_team_item_info\">\n\t\t<div class=\"sc_team_item_header\">\n\t\t\t<h6 class=\"sc_team_item_title\"><a href=\"https:\/\/qi-nesio.com\/index.php\/team\/bain-de-foret\/\">Bain de for\u00eat<\/a><\/h6>\n\t\t\t<div class=\"sc_team_item_subtitle\">Atelier marche en conscience<\/div>\n\t\t\t<div class=\"sc_team_item_content_socials\">\n\t\t\t\t<div class=\"sc_team_item_socials socials_wrap\"><a target=\"_blank\" href=\"http:\/\/twitter%20qinesio\" class=\"social_item social_item_style_icons social_item_type_icons\"><span class=\"social_icon social_icon_twitter\"><span class=\"icon-twitter\"><\/span><\/span><\/a><\/div>\t\t\t<\/div>\n\t\t<\/div>\n\t<\/div>\n<\/div>\n<\/div><div class=\"trx_addons_column-1_4\"><div class=\"sc_team_item no_links post-251 cpt_team type-cpt_team status-publish has-post-thumbnail hentry\">\n\t<div class=\"post_featured sc_team_item_thumb\"><a href=\"https:\/\/qi-nesio.com\/index.php\/team\/cercle-de-femme\/\" aria-hidden=\"true\"><img loading=\"lazy\" decoding=\"async\" width=\"500\" height=\"500\" src=\"https:\/\/qi-nesio.com\/wp-content\/uploads\/2017\/10\/cercledefemme-500x500.jpg\" class=\"attachment-dr_patterson-thumb-med-avatar size-dr_patterson-thumb-med-avatar wp-post-image\" alt=\"\" srcset=\"https:\/\/qi-nesio.com\/wp-content\/uploads\/2017\/10\/cercledefemme-500x500.jpg 500w, https:\/\/qi-nesio.com\/wp-content\/uploads\/2017\/10\/cercledefemme-150x150.jpg 150w, https:\/\/qi-nesio.com\/wp-content\/uploads\/2017\/10\/cercledefemme-370x370.jpg 370w\" sizes=\"auto, (max-width: 500px) 100vw, 500px\" \/><\/a><\/div>\t<div class=\"sc_team_item_info\">\n\t\t<div class=\"sc_team_item_header\">\n\t\t\t<h6 class=\"sc_team_item_title\"><a href=\"https:\/\/qi-nesio.com\/index.php\/team\/cercle-de-femme\/\">Cercle de femme<\/a><\/h6>\n\t\t\t<div class=\"sc_team_item_subtitle\">Atelier d&#039;\u00e9change - r\u00e9serv\u00e9 aux femmes<\/div>\n\t\t\t<div class=\"sc_team_item_content_socials\">\n\t\t\t\t<div class=\"sc_team_item_socials socials_wrap\"><a target=\"_blank\" href=\"http:\/\/twitter%20qinesio\" class=\"social_item social_item_style_icons social_item_type_icons\"><span class=\"social_icon social_icon_twitter\"><span class=\"icon-twitter\"><\/span><\/span><\/a><\/div>\t\t\t<\/div>\n\t\t<\/div>\n\t<\/div>\n<\/div>\n<\/div><\/div><div class=\"sc_item_button sc_button_wrap sc_align_center\"><a href=\"https:\/\/qi-nesio.com\/index.php\/team\/touch-for-health\/\" id=\"sc_button_160810818\" class=\"sc_button color_style_default sc_button_simple sc_item_button sc_item_button_simple sc_team_button sc_button_size_normal sc_button_icon_left\"><span class=\"sc_button_text\"><span class=\"sc_button_title\">Voir toutes nos formations et ateliers<\/span><\/span><!-- \/.sc_button_text --><\/a><!-- \/.sc_button --><\/div><!-- \/.sc_item_button --><\/div><!-- \/.sc_team -->[\/vc_column][\/vc_row][vc_row][vc_column icons_position=\u00a0\u00bbleft\u00a0\u00bb][vc_empty_space height=\u00a0\u00bb1em\u00a0\u00bb alter_height=\u00a0\u00bbnone\u00a0\u00bb hide_on_desktop=\u00a0\u00bb\u00a0\u00bb hide_on_notebook=\u00a0\u00bb\u00a0\u00bb hide_on_tablet=\u00a0\u00bb1&Prime; hide_on_mobile=\u00a0\u00bb1&Prime;]<\/p>\n<p>[vc_empty_space height=\u00a0\u00bb3em\u00a0\u00bb alter_height=\u00a0\u00bbnone\u00a0\u00bb hide_on_desktop=\u00a0\u00bb\u00a0\u00bb hide_on_notebook=\u00a0\u00bb\u00a0\u00bb hide_on_tablet=\u00a0\u00bb\u00a0\u00bb hide_on_mobile=\u00a0\u00bb\u00a0\u00bb][vc_empty_space height=\u00a0\u00bb3em\u00a0\u00bb alter_height=\u00a0\u00bbnone\u00a0\u00bb hide_on_desktop=\u00a0\u00bb\u00a0\u00bb hide_on_notebook=\u00a0\u00bb\u00a0\u00bb hide_on_tablet=\u00a0\u00bb\u00a0\u00bb hide_on_mobile=\u00a0\u00bb\u00a0\u00bb][\/vc_column][\/vc_row][vc_row full_width=\u00a0\u00bbstretch_row_content_no_spaces\u00a0\u00bb][vc_column icons_position=\u00a0\u00bbleft\u00a0\u00bb]<div id=\"sc_googlemap_1414519504_wrap\" class=\"sc_googlemap_wrap\"><div class=\"sc_googlemap_content_wrap\"><div id=\"sc_googlemap_1414519504\"\n\t\t\tclass=\"sc_googlemap sc_googlemap_default box_shadows_content trx_addons_inline_2031876734\"\n\t\t\t\t\t\tdata-zoom=\"15\"\n\t\t\tdata-center=\"\"\n\t\t\tdata-style=\"dark\"\n\t\t\tdata-cluster-icon=\"\"\n\t\t\t><iframe\n\t\t\t\t\tsrc=\"https:\/\/maps.google.com\/maps?t=m&output=embed&iwloc=near&z=15&q=Place+Chavany%2C+92+700+Colombes\"\n\t\t\t\t\taria-label=\"\"><\/iframe><\/div>\t\t\t<div class=\"sc_googlemap_content color_style_default sc_googlemap_content_default\">[vc_row_inner][vc_column_inner width=\u00a0\u00bb11\/12&Prime; hide_bg_image_on_tablet=\u00a0\u00bb\u00a0\u00bb hide_bg_image_on_mobile=\u00a0\u00bb\u00a0\u00bb icons_position=\u00a0\u00bbleft\u00a0\u00bb offset=\u00a0\u00bbvc_col-lg-offset-1&Prime;]<div id=\"sc_content_1493778082\"\n\t\tclass=\"sc_content color_style_default sc_content_default sc_float_center sc_padding_medium box_shadows_content  vc_custom_1522398992354\"><div class=\"sc_content_container\"><div id=\"sc_title_12554061\"\n\t\tclass=\"sc_title color_style_default sc_title_modern\"><h2 class=\"sc_item_title sc_title_title sc_align_left sc_item_title_style_modern sc_item_title_tag\">O\u00f9 et quand?<\/h2><div class=\"sc_item_descr sc_title_descr sc_align_left\"><p>Place Chavany - 92700 COLOMBES<\/p>\n<\/div><\/div><!-- \/.sc_title -->[vc_empty_space height=\u00a0\u00bb1em\u00a0\u00bb alter_height=\u00a0\u00bbnone\u00a0\u00bb hide_on_desktop=\u00a0\u00bb\u00a0\u00bb hide_on_notebook=\u00a0\u00bb\u00a0\u00bb hide_on_tablet=\u00a0\u00bb\u00a0\u00bb hide_on_mobile=\u00a0\u00bb\u00a0\u00bb][vc_empty_space height=\u00a0\u00bb1.15em\u00a0\u00bb alter_height=\u00a0\u00bbnone\u00a0\u00bb hide_on_desktop=\u00a0\u00bb\u00a0\u00bb hide_on_notebook=\u00a0\u00bb\u00a0\u00bb hide_on_tablet=\u00a0\u00bb1&Prime; hide_on_mobile=\u00a0\u00bb1&Prime;][vc_custom_heading text=\u00a0\u00bbLes formations se d\u00e9roulent au centre-ville de Colombes \u00e0 2 minutes de la Gare. Les formations en TFH se d\u00e9roulent les weekends de 9h15 \u00e0 18h30 (pause d\u00e9jeuner 12h30 \u00e0 13h45)\u00a0\u00bb font_container=\u00a0\u00bbtag:h5|font_size:23px|text_align:left|line_height:34px\u00a0\u00bb use_theme_fonts=\u00a0\u00bbyes\u00a0\u00bb css=\u00a0\u00bb.vc_custom_1572023707389{margin-top: 0px !important;margin-bottom: 0px !important;}\u00a0\u00bb]<\/div><\/div><!-- \/.sc_content -->[\/vc_column_inner][\/vc_row_inner]<\/div>\n\t\t<\/div>\n\t\t<\/div><!-- \/.sc_googlemap_wrap -->[\/vc_column][\/vc_row] <\/p>\n","protected":false},"excerpt":{"rendered":"<p>[vc_row][vc_column icons_position=\u00a0\u00bbleft\u00a0\u00bb][vc_empty_space height=\u00a0\u00bb1.7em\u00a0\u00bb alter_height=\u00a0\u00bbnone\u00a0\u00bb hide_on_desktop=\u00a0\u00bb\u00a0\u00bb hide_on_notebook=\u00a0\u00bb\u00a0\u00bb hide_on_tablet=\u00a0\u00bb1&Prime; hide_on_mobile=\u00a0\u00bb1&Prime;][vc_empty_space height=\u00a0\u00bb2em\u00a0\u00bb alter_height=\u00a0\u00bbnone\u00a0\u00bb hide_on_desktop=\u00a0\u00bb\u00a0\u00bb hide_on_notebook=\u00a0\u00bb\u00a0\u00bb hide_on_tablet=\u00a0\u00bb\u00a0\u00bb hide_on_mobile=\u00a0\u00bb\u00a0\u00bb][\/vc_column][\/vc_row][vc_row][vc_column icons_position=\u00a0\u00bbleft\u00a0\u00bb][vc_empty_space&hellip;<\/p>\n","protected":false},"author":1,"featured_media":0,"parent":0,"menu_order":0,"comment_status":"closed","ping_status":"closed","template":"","meta":{"footnotes":""},"class_list":["post-273","page","type-page","status-publish","hentry"],"_links":{"self":[{"href":"https:\/\/qi-nesio.com\/index.php\/wp-json\/wp\/v2\/pages\/273","targetHints":{"allow":["GET"]}}],"collection":[{"href":"https:\/\/qi-nesio.com\/index.php\/wp-json\/wp\/v2\/pages"}],"about":[{"href":"https:\/\/qi-nesio.com\/index.php\/wp-json\/wp\/v2\/types\/page"}],"author":[{"embeddable":true,"href":"https:\/\/qi-nesio.com\/index.php\/wp-json\/wp\/v2\/users\/1"}],"replies":[{"embeddable":true,"href":"https:\/\/qi-nesio.com\/index.php\/wp-json\/wp\/v2\/comments?post=273"}],"version-history":[{"count":14,"href":"https:\/\/qi-nesio.com\/index.php\/wp-json\/wp\/v2\/pages\/273\/revisions"}],"predecessor-version":[{"id":1322,"href":"https:\/\/qi-nesio.com\/index.php\/wp-json\/wp\/v2\/pages\/273\/revisions\/1322"}],"wp:attachment":[{"href":"https:\/\/qi-nesio.com\/index.php\/wp-json\/wp\/v2\/media?parent=273"}],"curies":[{"name":"wp","href":"https:\/\/api.w.org\/{rel}","templated":true}]}}