{"id":46,"date":"2017-10-25T08:24:11","date_gmt":"2017-10-25T08:24:11","guid":{"rendered":"http:\/\/www.qi-nesio.com\/?page_id=46"},"modified":"2019-10-25T19:51:18","modified_gmt":"2019-10-25T17:51:18","slug":"kinesiologie","status":"publish","type":"page","link":"https:\/\/qi-nesio.com\/index.php\/kinesiologie\/","title":{"rendered":"Kinesiologie"},"content":{"rendered":"<p>[vc_row][vc_column icons_position=\u00a0\u00bbleft\u00a0\u00bb css=\u00a0\u00bb.vc_custom_1477912247150{margin-top: 0.2rem !important;}\u00a0\u00bb][vc_column_text]<\/p>\n<h4><strong>Qu\u2019est- ce que la kin\u00e9siologie\u00a0?<\/strong><\/h4>\n<p>La kin\u00e9siologie est une destin\u00e9e \u00e0 favoriser un \u00e9tat d\u2019\u00e9quilibre et de bien-\u00eatre physique, mental, \u00e9motionnel et social.<\/p>\n<p>La kin\u00e9siologie, \u00e9tymologiquement est \u00ab l\u2019\u00e9tude du mouvement \u00bb, son but est donc de vous aider \u00e0 vous mettre en mouvement vers votre changement positif.<\/p>\n<p>La kin\u00e9siologie est un ensemble de plusieurs sp\u00e9cialit\u00e9s (TFH Sant\u00e9 par le Touch\u00e9, TIOC, Brain Gym, Stress release\u2026) permettant par divers protocoles physiques ( test musculaire, stimulation des points d\u2019acuponcture, balayage des m\u00e9ridiens, etc\u2026) de :<\/p>\n<ul>\n<li style=\"list-style-type: none;\">\n<ul>\n<li style=\"list-style-type: none;\">\n<ul>\n<li style=\"list-style-type: none;\">\n<ul>\n<li>lib\u00e9rer les maux<\/li>\n<li>lever les stress<\/li>\n<li>apaiser les angoisses<\/li>\n<li>lever les blocages<\/li>\n<\/ul>\n<\/li>\n<\/ul>\n<\/li>\n<\/ul>\n<\/li>\n<\/ul>\n<p>afin de :<\/p>\n<ul>\n<li style=\"list-style-type: none;\">\n<ul>\n<li style=\"list-style-type: none;\">\n<ul>\n<li style=\"list-style-type: none;\">\n<ul>\n<li>r\u00e9aliser nos objectifs<\/li>\n<li>atteindre notre plein potentiel<\/li>\n<li>avoir la pleine conscience de nos propres solutions<\/li>\n<li>avoir la capacit\u00e9 de choisir avec discernement.<\/li>\n<\/ul>\n<\/li>\n<\/ul>\n<\/li>\n<\/ul>\n<\/li>\n<\/ul>\n<h4>Comment ?<\/h4>\n<p>Par la technique du test musculaire doux et non invasif qui d\u00e9termine le tonus du muscle et non sa force !<br \/>\nEn effet, le test musculaire nous indique les stress pr\u00e9sents ou non sur une probl\u00e9matique.<br \/>\nEn situation de stress le tonus d\u2019un muscle ou plusieurs faiblissent, exemple : quand un choc vous saisit vous \u00eates paralys\u00e9, votre voix ne sort pas, vous avez les jambes en coton, etc.\u2026<br \/>\nLe test musculaire permet le chemin inverse : on teste le tonus du muscle et il nous donne une r\u00e9ponse sur un stress pr\u00e9sent ou pas.<\/p>\n<ul>\n<li style=\"list-style-type: none;\">\n<ul>\n<li style=\"list-style-type: none;\">\n<ul>\n<li style=\"list-style-type: none;\">\n<ul>\n<li>Si le muscle sous le test a tout son tonus, il n\u2019y a donc pas de stress.<\/li>\n<li>Si le muscle faiblit sous le test, un stress est pr\u00e9sent.<\/li>\n<\/ul>\n<\/li>\n<\/ul>\n<\/li>\n<\/ul>\n<\/li>\n<\/ul>\n<p>Le test s\u2019appuie sur la relation entre les muscles, le cerveau et les \u00e9motions.<br \/>\nC\u2019est un dialogue avec le corps de la personne et donc aussi de son cerveau, c\u2019est communiquer avec la partie inconsciente qui travaille \u00e0 notre insu.<\/p>\n<p>L\u2019objectif du test musculaire est d\u2019identifier les \u00e9motions sous-jacentes qui sont \u00e0 l\u2019origine des blocages, des r\u00e9sistances, des angoisses, des d\u00e9terminismes et de trouver un \u00e9tat de bien \u00eatre physique, mental, \u00e9motionnel et social.<br \/>\nApr\u00e8s avoir d\u00e9termin\u00e9 le stress pr\u00e9sent, nous allons l\u2019\u00e9quilibrer avec diverses techniques emprunt\u00e9es de la chiropractie, de la m\u00e9decine chinoise, de l\u2019EFT, de l\u2019 EMDR\u2026etc&#8230;<\/p>\n<h4>Un peu d\u2019histoire\u2026.<\/h4>\n<p>La kin\u00e9siologie est n\u00e9e dans les ann\u00e9es 60 aux \u00c9tats Unis et elle est arriv\u00e9e en France dans les ann\u00e9es 80.<\/p>\n<p>Elle r\u00e9unit 3 techniques principales :<\/p>\n<ul>\n<li style=\"list-style-type: none;\">\n<ul>\n<li style=\"list-style-type: none;\">\n<ul>\n<li style=\"list-style-type: none;\">\n<ul>\n<li style=\"list-style-type: none;\">\n<ul>\n<li style=\"list-style-type: none;\">\n<ul>\n<li style=\"list-style-type: none;\">\n<ul>\n<li>\n<h6>Le TFH, la sant\u00e9 par le touch\u00e9 :<\/h6>\n<\/li>\n<\/ul>\n<\/li>\n<\/ul>\n<\/li>\n<\/ul>\n<\/li>\n<\/ul>\n<\/li>\n<\/ul>\n<\/li>\n<\/ul>\n<\/li>\n<\/ul>\n<p>John Thie un chiropracteur am\u00e9ricain a mis au point une s\u00e9rie de tests musculaires dans les ann\u00e9es 70 pour le grand public \u00e0 partir de la Kin\u00e9siologie Appliqu\u00e9e, d\u00e9velopp\u00e9e par Georges Goodheart qui \u00e9tait r\u00e9serv\u00e9e aux professionnels du corps m\u00e9dical.<\/p>\n<p>Ces test donnent acc\u00e8s aux stress et aux blocages et permettent d\u2019\u00e9quilibrer les muscles de l\u2019ensemble des m\u00e9ridiens du corps pour apporter un mieux-\u00eatre physique, am\u00e9liorer la sant\u00e9, pr\u00e9venir la maladie et accroitre son potentiel et son autonomie. Le Touch For Health s\u2019appuie sur les concepts de la m\u00e9decine traditionnelle chinoise.<\/p>\n<p>&nbsp;<\/p>\n<p><img loading=\"lazy\" decoding=\"async\" class=\"size-medium wp-image-1238 aligncenter\" src=\"https:\/\/qi-nesio.com\/wp-content\/uploads\/2019\/10\/triandle-tfh-300x260.jpg\" alt=\"\" width=\"300\" height=\"260\" srcset=\"https:\/\/qi-nesio.com\/wp-content\/uploads\/2019\/10\/triandle-tfh-300x260.jpg 300w, https:\/\/qi-nesio.com\/wp-content\/uploads\/2019\/10\/triandle-tfh-370x320.jpg 370w, https:\/\/qi-nesio.com\/wp-content\/uploads\/2019\/10\/triandle-tfh.jpg 604w\" sizes=\"auto, (max-width: 300px) 100vw, 300px\" \/><\/p>\n<p><img loading=\"lazy\" decoding=\"async\" class=\"size-medium wp-image-1240 aligncenter\" src=\"https:\/\/qi-nesio.com\/wp-content\/uploads\/2019\/10\/round-300x244.jpg\" alt=\"\" width=\"300\" height=\"244\" srcset=\"https:\/\/qi-nesio.com\/wp-content\/uploads\/2019\/10\/round-300x244.jpg 300w, https:\/\/qi-nesio.com\/wp-content\/uploads\/2019\/10\/round-370x301.jpg 370w, https:\/\/qi-nesio.com\/wp-content\/uploads\/2019\/10\/round.jpg 400w\" sizes=\"auto, (max-width: 300px) 100vw, 300px\" \/><\/p>\n<p>Le TFH par Xavier Meignen, membre Facult\u00e9 IKC (International Kinesiology College), repr\u00e9sentant du TFH en France :<\/p>\n<p>&nbsp;<\/p>\n<p><iframe loading=\"lazy\" src=\"https:\/\/www.youtube.com\/embed\/wQRYz7kSacs\" width=\"560\" height=\"315\" frameborder=\"0\" allowfullscreen=\"allowfullscreen\"><\/iframe><\/p>\n<ul>\n<li style=\"list-style-type: none;\">\n<ul>\n<li style=\"list-style-type: none;\">\n<ul>\n<li style=\"list-style-type: none;\">\n<ul>\n<li style=\"list-style-type: none;\">\n<ul>\n<li style=\"list-style-type: none;\">\n<ul>\n<li style=\"list-style-type: none;\">\n<ul>\n<li>\n<h6>Three In One Concept ( TIOC) :<\/h6>\n<\/li>\n<\/ul>\n<\/li>\n<\/ul>\n<\/li>\n<\/ul>\n<\/li>\n<\/ul>\n<\/li>\n<\/ul>\n<\/li>\n<\/ul>\n<\/li>\n<\/ul>\n<p>Cr\u00e9\u00e9 par Gordon Stokes, Daniel Whiteside et Candace Gallaway, le \u201c Three In One Concept\u201d signifie l\u2019int\u00e9gration du corps, du mental et de l\u2019esprit.<br \/>\nLe TIOC permet un travail en profondeur sur les \u00e9motions qui nous limitent pour retrouver le pouvoir de faire de meilleurs choix et d\u2019atteindre ses objectifs de vie.<br \/>\nCette m\u00e9thode utilise plusieurs outils comme le test musculaire, le barom\u00e8tre du comportement, le r\u00e9cession d\u2019\u00e2ge\u2026<br \/>\nPour plus d\u2019information je vous invite \u00e0 consulter <a href=\"https:\/\/www.threeinoneconcepts.fr\/\">le site TIOC France<\/a> .<\/p>\n<ul>\n<li style=\"list-style-type: none;\">\n<ul>\n<li style=\"list-style-type: none;\">\n<ul>\n<li style=\"list-style-type: none;\">\n<ul>\n<li style=\"list-style-type: none;\">\n<ul>\n<li style=\"list-style-type: none;\">\n<ul>\n<li style=\"list-style-type: none;\">\n<ul>\n<li>\n<h6>Le Brain Gym:<\/h6>\n<\/li>\n<\/ul>\n<\/li>\n<\/ul>\n<\/li>\n<\/ul>\n<\/li>\n<\/ul>\n<\/li>\n<\/ul>\n<\/li>\n<\/ul>\n<\/li>\n<\/ul>\n<p>L\u2019\u00c9ducation Kinesth\u00e9sique est une approche \u00e9ducative qui utilise des mouvements et des activit\u00e9s motrices et artistiques pour d\u00e9velopper notre potentiel.<br \/>\nLe Brain Gym d\u00e9signe un ensemble de 26 mouvements.<br \/>\nCes activit\u00e9s ont \u00e9t\u00e9 con\u00e7ues par Paul Dennison et son \u00e9pouse Gail Dennison au d\u00e9but des ann\u00e9es 80 dans le but d\u2019aider les adultes et les enfants \u00e0 l\u2019apprentissage et \u00e0 am\u00e9liorer leurs performances.<br \/>\nLe Brain Gym aide :<\/p>\n<ul>\n<li style=\"list-style-type: none;\">\n<ul>\n<li style=\"list-style-type: none;\">\n<ul>\n<li style=\"list-style-type: none;\">\n<ul>\n<li>\u00e0 am\u00e9liorer les capacit\u00e9s de lecture, d\u2019\u00e9criture, d\u2019expression orale.<\/li>\n<li>\u00e0 se concentrer<\/li>\n<li>\u00e0 m\u00e9moriser<\/li>\n<li>\u00e0 communiquer et mieux \u00e9couter<\/li>\n<li>\u00e0 mieux g\u00e9rer le stress<\/li>\n<li>\u00e0 se placer dans une dynamique positive.<\/li>\n<\/ul>\n<\/li>\n<\/ul>\n<\/li>\n<\/ul>\n<\/li>\n<\/ul>\n<p>&nbsp;<\/p>\n<p><iframe loading=\"lazy\" src=\"https:\/\/www.youtube.com\/embed\/705dTcihUmA\" width=\"560\" height=\"315\" frameborder=\"0\" allowfullscreen=\"allowfullscreen\"><\/iframe><\/p>\n<p>Conf\u00e9rence de Xavier Meignen (en 5 parties) sur le th\u00e9me \u00ab Comment le Brain Gym peut aider les enfants \u00e0 rentrer plus facilement dans l\u2019 apprentissage \u00bb :<\/p>\n<ul>\n<li>Partie 1 : Pr\u00e9sentation, Paul et Gail Dennison, Parcours, Pyramide de Maslow, 26 mouvements de Brain Gym, Pyramide de l\u2019apprentissage.<\/li>\n<\/ul>\n<p>[\/vc_column_text][\/vc_column][\/vc_row][vc_row][vc_column icons_position=\u00a0\u00bbleft\u00a0\u00bb][vc_separator border_width=\u00a0\u00bb3&Prime;][\/vc_column][\/vc_row][vc_row][vc_column icons_position=\u00a0\u00bbleft\u00a0\u00bb][vc_column_text]<\/p>\n<h4>Pourquoi ? Pour qui ?<\/h4>\n<p>La kin\u00e9siologie est une technique douce qui s\u2019adresse \u00e0 tout le monde ( b\u00e9b\u00e9, enfant, adultes, s\u00e9niors).<\/p>\n<p>Elle aide \u00e0 <em>:<\/em><\/p>\n<ul>\n<li>La gestion du stress et des \u00e9motions par rapport \u00e0 une situation du pass\u00e9, du pr\u00e9sent ou du futur :\n<ul>\n<li style=\"list-style-type: none;\">\n<ul>\n<li>anxi\u00e9t\u00e9<\/li>\n<li>angoisse<\/li>\n<li>peurs<\/li>\n<li>phobies<\/li>\n<li>d\u00e9pression<\/li>\n<li>baby blues<\/li>\n<\/ul>\n<\/li>\n<\/ul>\n<\/li>\n<li>Soulager des maux physiques :\n<ul>\n<li style=\"list-style-type: none;\">\n<ul>\n<li>maux de dos<\/li>\n<li>mal de t\u00eate<\/li>\n<li>douleurs r\u00e9cidivantes<\/li>\n<li>fatigue<\/li>\n<li>\u00e9nur\u00e9sie<\/li>\n<li>surpoids ( <a href=\"https:\/\/www.youtube.com\/watch?v=6e37IEax3es)\">t\u00e9moignage<\/a> )<\/li>\n<li>insomnies<\/li>\n<li>alcool et addictions.<\/li>\n<\/ul>\n<\/li>\n<\/ul>\n<\/li>\n<li>Restaurer sa confiance en soi et ses relations avec les autres en cas de :\n<ul>\n<li style=\"list-style-type: none;\">\n<ul>\n<li>blocages relationnels<\/li>\n<li>conflits relationnels<\/li>\n<li>conflits professionnels<\/li>\n<li>conflits familiaux<\/li>\n<\/ul>\n<\/li>\n<\/ul>\n<\/li>\n<li>Pour aller vers :\n<ul>\n<li style=\"list-style-type: none;\">\n<ul>\n<li>l\u2019\u00e9panouissement<\/li>\n<li>la communication<\/li>\n<li>la confiance en soi<\/li>\n<li>etc&#8230;<\/li>\n<\/ul>\n<\/li>\n<\/ul>\n<\/li>\n<li>Acc\u00e9der \u00e0 tout son potentiel dans les apprentissages :\n<ul>\n<li style=\"list-style-type: none;\">\n<ul>\n<li>difficult\u00e9s scolaires<\/li>\n<li>coordination<\/li>\n<li>concentration<\/li>\n<li>motivation<\/li>\n<\/ul>\n<\/li>\n<\/ul>\n<\/li>\n<li>Am\u00e9liorer ses performances physiques et sportives :\n<ul>\n<li style=\"list-style-type: none;\">\n<ul>\n<li>entra\u00eenements<\/li>\n<li>pr\u00e9paration mentale aux comp\u00e9titions<\/li>\n<li>pr\u00e9paration physique pour un potentiel maximum des muscles utilis\u00e9s avant la comp\u00e9tition ( <a href=\"https:\/\/www.lequipe.fr\/Football\/Actualites\/Un-docteur-italien-a-transforme-le-mode-de-vie-de-lionel-messi\/791449)\">article Lionel Messi et la kin\u00e9siologie<\/a> ) :<\/li>\n<\/ul>\n<\/li>\n<\/ul>\n<\/li>\n<\/ul>\n<p>&nbsp;<\/p>\n<ul>\n<li>Se lib\u00e9rer des traumatismes<\/li>\n<li>Apprendre \u00e0 mieux se connaitre<\/li>\n<\/ul>\n<p>[\/vc_column_text][\/vc_column][\/vc_row][vc_row][vc_column icons_position=\u00a0\u00bbleft\u00a0\u00bb][vc_separator border_width=\u00a0\u00bb3&Prime;][\/vc_column][\/vc_row][vc_row][vc_column icons_position=\u00a0\u00bbleft\u00a0\u00bb][vc_column_text]<\/p>\n<h4>Le d\u00e9roulement d\u2019une s\u00e9ance.<\/h4>\n<div class=\"dummy\">Une s\u00e9ance dure environ <strong>1h30 (1h15 \u00e0 2h00<\/strong>) pour un adulte et 1h pour un enfant, son tarif est de<strong> 60 euros<\/strong> pour un adulte et de <strong>40 euros<\/strong> pour un enfant.<\/div>\n<div><\/div>\n<div>Tout d\u2019abord nous commen\u00e7ons par faire connaissance, c\u2019est ce que l\u2019on appelle un entretien, vous me direz ce que vous voulez am\u00e9liorer dans votre vie, ce que vous attendez de cette s\u00e9ance, quel est votre objectif par rapport \u00e0 votre souffrance.<\/div>\n<p>[\/vc_column_text][\/vc_column][vc_column width=\u00a0\u00bb1\/2&Prime; icons_position=\u00a0\u00bbleft\u00a0\u00bb css=\u00a0\u00bb.vc_custom_1477728389120{margin-top: 0.8em !important;}\u00a0\u00bb][vc_column_text]<span class=\"trx_addons_dropcap trx_addons_dropcap_style_1\">J<\/span>e vous aiderai \u00e0 \u00e9tablir un objectif positif pour la s\u00e9ance.<br \/>\nNotre philosophie en kin\u00e9siologie est orient\u00e9e \u00absolution \u00ab et non \u00ab probl\u00e8me \u00bb .<br \/>\nNous ferons ensuite quelques tests musculaires et constaterons quelles sont les barri\u00e8res qui emp\u00eachent la r\u00e9alisation de votre objectif.[\/vc_column_text][\/vc_column][vc_column width=\u00a0\u00bb1\/2&Prime; icons_position=\u00a0\u00bbleft\u00a0\u00bb css=\u00a0\u00bb.vc_custom_1477728399090{margin-top: 0.8em !important;}\u00a0\u00bb][vc_column_text]<span class=\"trx_addons_dropcap trx_addons_dropcap_style_2\">L<\/span>ors de l\u2019\u00e9quilibration nous trouverons des ressources qui vous permettrons de r\u00e9aliser votre objectif.<br \/>\nEn dernier lieu, nous ferons un point sur vos ressentis.<br \/>\nEn kin\u00e9siologie, le praticien n\u2019a pas de solution, il ne diagnostique pas, il a des propositions, c\u2019est une coop\u00e9ration avec le consultant.<br \/>\nLa kin\u00e9siologie ne se substitue pas aux soins m\u00e9dicaux , elle est un compl\u00e9ment.[\/vc_column_text][\/vc_column][\/vc_row][vc_row][vc_column icons_position=\u00a0\u00bbleft\u00a0\u00bb][vc_separator border_width=\u00a0\u00bb3&Prime;][\/vc_column][\/vc_row] <\/p>\n","protected":false},"excerpt":{"rendered":"<p>[vc_row][vc_column icons_position=\u00a0\u00bbleft\u00a0\u00bb css=\u00a0\u00bb.vc_custom_1477912247150{margin-top: 0.2rem !important;}\u00a0\u00bb][vc_column_text] Qu\u2019est- ce que la kin\u00e9siologie\u00a0? La kin\u00e9siologie est une destin\u00e9e&hellip;<\/p>\n","protected":false},"author":1,"featured_media":0,"parent":0,"menu_order":0,"comment_status":"closed","ping_status":"closed","template":"","meta":{"footnotes":""},"class_list":["post-46","page","type-page","status-publish","hentry"],"_links":{"self":[{"href":"https:\/\/qi-nesio.com\/index.php\/wp-json\/wp\/v2\/pages\/46","targetHints":{"allow":["GET"]}}],"collection":[{"href":"https:\/\/qi-nesio.com\/index.php\/wp-json\/wp\/v2\/pages"}],"about":[{"href":"https:\/\/qi-nesio.com\/index.php\/wp-json\/wp\/v2\/types\/page"}],"author":[{"embeddable":true,"href":"https:\/\/qi-nesio.com\/index.php\/wp-json\/wp\/v2\/users\/1"}],"replies":[{"embeddable":true,"href":"https:\/\/qi-nesio.com\/index.php\/wp-json\/wp\/v2\/comments?post=46"}],"version-history":[{"count":25,"href":"https:\/\/qi-nesio.com\/index.php\/wp-json\/wp\/v2\/pages\/46\/revisions"}],"predecessor-version":[{"id":1281,"href":"https:\/\/qi-nesio.com\/index.php\/wp-json\/wp\/v2\/pages\/46\/revisions\/1281"}],"wp:attachment":[{"href":"https:\/\/qi-nesio.com\/index.php\/wp-json\/wp\/v2\/media?parent=46"}],"curies":[{"name":"wp","href":"https:\/\/api.w.org\/{rel}","templated":true}]}}